{"id":6581,"date":"2019-08-13T02:10:03","date_gmt":"2019-08-13T01:10:03","guid":{"rendered":"https:\/\/diet4pet.com\/?page_id=6581"},"modified":"2020-03-18T23:19:46","modified_gmt":"2020-03-18T22:19:46","slug":"czego-nie-moze-jesc-pies","status":"publish","type":"page","link":"https:\/\/diet4pet.com\/en_us\/czego-nie-moze-jesc-pies\/","title":{"rendered":"Czego nie mo\u017ce je\u015b\u0107 pies"},"content":{"rendered":"<div id=\"fws_69e494a27038e\"  data-column-margin=\"default\" data-midnight=\"dark\"  class=\"wpb_row vc_row-fluid vc_row standard_section\"  style=\"padding-top: 0px; padding-bottom: 0px; \"><div class=\"row-bg-wrap\" data-bg-animation=\"none\" data-bg-overlay=\"false\"><div class=\"inner-wrap\"><div class=\"row-bg\"  style=\"\"><\/div><\/div><div class=\"row-bg-overlay\" ><\/div><\/div><div class=\"row_col_wrap_12 col span_12 dark left\">\n\t<div  class=\"vc_col-sm-12 wpb_column column_container vc_column_container col no-extra-padding\"  data-t-w-inherits=\"default\" data-bg-cover=\"\" data-padding-pos=\"all\" data-has-bg-color=\"false\" data-bg-color=\"\" data-bg-opacity=\"1\" data-hover-bg=\"\" data-hover-bg-opacity=\"1\" data-animation=\"\" data-delay=\"0\" >\n\t\t<div class=\"vc_column-inner\" ><div class=\"column-bg-overlay-wrap\" data-bg-animation=\"none\"><div class=\"column-bg-overlay\"><\/div><\/div>\n\t\t\t<div class=\"wpb_wrapper\">\n\t\t\t\t\r\n<div class=\"wpb_text_column wpb_content_element\" >\r\n\t<div class=\"wpb_wrapper\">\r\n\t\t<h1 class=\"h1\">Czego nie mo\u017ce je\u015b\u0107 pies?<\/h1>\n\t<\/div>\r\n<\/div>\r\n\r\n\r\n\r\n\n\t\t\t<\/div> \n\t\t<\/div>\n\t<\/div> \n<\/div><\/div>\n\t\t<div id=\"fws_69e494a270d3c\"  data-column-margin=\"default\" data-midnight=\"dark\"  class=\"wpb_row vc_row-fluid vc_row standard_section\"  style=\"padding-top: 0px; padding-bottom: 0px; \"><div class=\"row-bg-wrap\" data-bg-animation=\"none\" data-bg-overlay=\"false\"><div class=\"inner-wrap\"><div class=\"row-bg\"  style=\"\"><\/div><\/div><div class=\"row-bg-overlay\" ><\/div><\/div><div class=\"row_col_wrap_12 col span_12 dark left\">\n\t<div  class=\"vc_col-sm-12 wpb_column column_container vc_column_container col no-extra-padding\"  data-t-w-inherits=\"default\" data-bg-cover=\"\" data-padding-pos=\"all\" data-has-bg-color=\"false\" data-bg-color=\"\" data-bg-opacity=\"1\" data-hover-bg=\"\" data-hover-bg-opacity=\"1\" data-animation=\"\" data-delay=\"0\" >\n\t\t<div class=\"vc_column-inner\" ><div class=\"column-bg-overlay-wrap\" data-bg-animation=\"none\"><div class=\"column-bg-overlay\"><\/div><\/div>\n\t\t\t<div class=\"wpb_wrapper\">\n\t\t\t\t\r\n<div class=\"wpb_text_column wpb_content_element\" >\r\n\t<div class=\"wpb_wrapper\">\r\n\t\t<p><span class=\"dl-gallery-item-title\">To lista rzeczy kt\u00f3rych psy nie mog\u0105 je\u015b\u0107, opisy znajdziesz pod list\u0105.<\/span><\/p>\n<pre><span class=\"dl-gallery-item-title\">1. <strong>Cebula<\/strong> <\/span>\n2. <strong>Czosnek<\/strong>\n3. <strong>Rodzynki i winogrona<\/strong>\n4. <strong>Li\u015bcie rabarbaru, szczaw <\/strong>\n5. <strong>Kawa<\/strong>\n6. <strong>Owoce i warzywa z oznakami ple\u015bni <\/strong>\n7. <strong>Awokado<\/strong>\n8. <strong>Czekolada i kakao<\/strong>\n9. <strong>Nasiona jab\u0142ek, wi\u015bni<\/strong><\/pre>\n\t<\/div>\r\n<\/div>\r\n\r\n\r\n\r\n\n\t\t\t<\/div> \n\t\t<\/div>\n\t<\/div> \n\n\t<div  class=\"vc_col-sm-12 wpb_column column_container vc_column_container col no-extra-padding\"  data-t-w-inherits=\"default\" data-bg-cover=\"\" data-padding-pos=\"all\" data-has-bg-color=\"false\" data-bg-color=\"\" data-bg-opacity=\"1\" data-hover-bg=\"\" data-hover-bg-opacity=\"1\" data-animation=\"\" data-delay=\"0\" >\n\t\t<div class=\"vc_column-inner\" ><div class=\"column-bg-overlay-wrap\" data-bg-animation=\"none\"><div class=\"column-bg-overlay\"><\/div><\/div>\n\t\t\t<div class=\"wpb_wrapper\">\n\t\t\t\t\r\n<div class=\"wpb_text_column wpb_content_element\" >\r\n\t<div class=\"wpb_wrapper\">\r\n\t\t<h3><span class=\"dl-gallery-item-title\">1. <strong>Cebula<\/strong> <\/span><\/h3>\n<p>Cebula jest dla ps\u00f3w ci\u0119\u017ckostrawna, a podczas jej trawienia wytwarzane s\u0105 toksyczne <a href=\"https:\/\/pl.wikipedia.org\/wiki\/Cebula_zwyczajna#Warto%C5%9B%C4%87_od%C5%BCywcza_i_lecznicza\">dwusiarczki<\/a>.<\/p>\n<p>Dwusiarczki powoduj\u0105 rozpad <a href=\"https:\/\/pl.wikipedia.org\/wiki\/Erytrocyt\">czerwonych krwinek<\/a>, co prowadzi do powa\u017cnego niedotlenienia. Przy niewielkiej ilo\u015bci cebuli organizm psa ratuje si\u0119 zwi\u0119kszajac <a href=\"https:\/\/pl.wikipedia.org\/wiki\/Erytrocyt#Wytwarzanie\">produkcj\u0119 czerwonych krwinek<\/a>, ale mo\u017ce to robi\u0107 w spos\u00f3b ograniczony.<\/p>\n<p>Zjedzenie przez psa cebuli o masie zaledwie 0,5% masy jego cia\u0142a, mo\u017ce wystarczy\u0107 \u017ceby spowodowa\u0107 problemy.<\/p>\n\t<\/div>\r\n<\/div>\r\n\r\n\r\n\r\n\n\t\t\t<\/div> \n\t\t<\/div>\n\t<\/div> \n<\/div><\/div>\n\t\t<div id=\"fws_69e494a2712e7\"  data-column-margin=\"default\" data-midnight=\"dark\"  class=\"wpb_row vc_row-fluid vc_row standard_section\"  style=\"padding-top: 0px; padding-bottom: 0px; \"><div class=\"row-bg-wrap\" data-bg-animation=\"none\" data-bg-overlay=\"false\"><div class=\"inner-wrap\"><div class=\"row-bg\"  style=\"\"><\/div><\/div><div class=\"row-bg-overlay\" ><\/div><\/div><div class=\"row_col_wrap_12 col span_12 dark left\">\n\t<div  class=\"vc_col-sm-12 wpb_column column_container vc_column_container col no-extra-padding\"  data-t-w-inherits=\"default\" data-bg-cover=\"\" data-padding-pos=\"all\" data-has-bg-color=\"false\" data-bg-color=\"\" data-bg-opacity=\"1\" data-hover-bg=\"\" data-hover-bg-opacity=\"1\" data-animation=\"\" data-delay=\"0\" >\n\t\t<div class=\"vc_column-inner\" ><div class=\"column-bg-overlay-wrap\" data-bg-animation=\"none\"><div class=\"column-bg-overlay\"><\/div><\/div>\n\t\t\t<div class=\"wpb_wrapper\">\n\t\t\t\t\r\n<div class=\"wpb_text_column wpb_content_element\" >\r\n\t<div class=\"wpb_wrapper\">\r\n\t\t<h3>2. <strong>Czosnek<\/strong><\/h3>\n<p>Czosnek zawiera <a href=\"https:\/\/pl.wikipedia.org\/wiki\/Tiosiarczan_sodu\">tiosiarczan sodu<\/a>, kt\u00f3ry odk\u0142ada si\u0119 w organizmie psa. Jako \u017ce jest mniej szkodliwy, jest spotykany w niekt\u00f3rych pokarmach dla zwierzak\u00f3w. Niekt\u00f3re ciastka dla ps\u00f3w zawieraj\u0105 dodatek czosnku.<\/p>\n\t<\/div>\r\n<\/div>\r\n\r\n\r\n\r\n\r\n<div class=\"wpb_text_column wpb_content_element\" >\r\n\t<div class=\"wpb_wrapper\">\r\n\t\t<h3>3. <strong>Rodzynki i winogrona<\/strong><\/h3>\n<p>Rodzynki i winogrona niekorzystnie wp\u0142ywaj\u0105 na prac\u0119 <a href=\"https:\/\/pl.wikipedia.org\/wiki\/Nerka\">nerek<\/a>. Do zatrucia psa wystarczy zjedzenie 30 gram winogron lub 11,5 grama rodzynek na ka\u017cdy kilogram masy cia\u0142a psa.<\/p>\n<p>Objawy zatrucia pojawi\u0105 si\u0119 po kilku godzinach:<\/p>\n<ul>\n<li>zapalenie \u017co\u0142\u0105dka oraz jelit,<\/li>\n<li>wymioty,<\/li>\n<li>biegunka,<\/li>\n<li>b\u00f3le brzucha,<\/li>\n<li>utrata apetytu,<\/li>\n<li>obecno\u015b\u0107 w kale lub wymiocinach cz\u0119\u015bciowo strawionych rodzynek.<\/li>\n<\/ul>\n<p>Gorzej pracuj\u0105 nerki a dodatkowo pies ma trudno\u015bci z oddawaniem moczu.<\/p>\n<p>Substancje toksyczne z winogron mog\u0105 si\u0119 w organizmie kumulowa\u0107 co w efekcie mo\u017ce prowadzi\u0107 do zachorowania du\u017co p\u00f3\u017aniej, np. po kilku miesi\u0105cach karmienia psa tego typu smako\u0142ykami.<\/p>\n\t<\/div>\r\n<\/div>\r\n\r\n\r\n\r\n\r\n<div class=\"wpb_text_column wpb_content_element\" >\r\n\t<div class=\"wpb_wrapper\">\r\n\t\t<h3>4. <strong>Li\u015bcie rabarbaru i szczaw<\/strong><\/h3>\n<p>Li\u015bcie rabarbaru i szczaw s\u0105 toksyczne dla psa i zawieraj\u0105 du\u017ce ilo\u015bci <a href=\"https:\/\/pl.wikipedia.org\/wiki\/Kwas_szczawiowy\">kwasu szczawiowego<\/a> co mo\u017ce by\u0107 przyczyn\u0105 kamicy nerkowej.<\/p>\n\t<\/div>\r\n<\/div>\r\n\r\n\r\n\r\n\r\n<div class=\"wpb_text_column wpb_content_element\" >\r\n\t<div class=\"wpb_wrapper\">\r\n\t\t<h3>5. <strong>Kawa<\/strong><\/h3>\n<p><a href=\"https:\/\/pl.wikipedia.org\/wiki\/Kofeina\">Kofeina<\/a> jest wyj\u0105tkowo niebezpieczna dla psa.<\/p>\n<p>W ci\u0105gu 1-2 godzin od zjedzenia mo\u017ce wyst\u0105pi\u0107:<\/p>\n<ul>\n<li>nadpobudliwo\u015b\u0107 od \u0142agodnej do ci\u0119\u017ckiej,<\/li>\n<li>ponadto niepok\u00f3j i wymioty,<\/li>\n<li>podwy\u017cszone t\u0119tno i ci\u015bnienie krwi,<\/li>\n<li>drgawki i \u015bmier\u0107.<\/li>\n<\/ul>\n\t<\/div>\r\n<\/div>\r\n\r\n\r\n\r\n\r\n<div class=\"wpb_text_column wpb_content_element\" >\r\n\t<div class=\"wpb_wrapper\">\r\n\t\t<h3>6. <strong>Owoce i warzywa z oznakami ple\u015bni<\/strong><\/h3>\n<p>Najmniejsze nawet ognisko ple\u015bni na owocach lub warzywach dyskwalifikuj\u0105 je z mo\u017cliwo\u015bci podania psu. Szkodliwe produkty przemiany materii w Ple\u015bni kumuluj\u0105 si\u0119 wewn\u0105trz owoc\u00f3w i warzyw nawet w miejscach oddalonych od ogniska ple\u015bni.<\/p>\n<p>Nale\u017cy kontrolowa\u0107 czy pies nie zjada np: samodzielnie znalezionych owoc\u00f3w. Ma to du\u017ce znaczenie w szczeg\u00f3lno\u015bci u mniejszych ras np: <a href=\"https:\/\/pl.wikipedia.org\/wiki\/Yorkshire_terrier\">Yorkshire terrier<\/a>, <a href=\"https:\/\/pl.wikipedia.org\/wiki\/Pinczer_miniaturowy\">Pinczer miniaturowy<\/a>, <a href=\"https:\/\/pl.wikipedia.org\/wiki\/Mops_(rasa_psa)\">Mops<\/a>.<\/p>\n\t<\/div>\r\n<\/div>\r\n\r\n\r\n\r\n\r\n<div class=\"wpb_text_column wpb_content_element\" >\r\n\t<div class=\"wpb_wrapper\">\r\n\t\t<h3>7. <strong>Awokado<\/strong><\/h3>\n<p>Awokado zawiera substancj\u0119 zwan\u0105 persin, kt\u00f3ra jest silnie truj\u0105ca dla zwierz\u0105t (r\u00f3wnie\u017c dla ptak\u00f3w, koni, kr\u00f3w, kr\u00f3lik\u00f3w, ryb, owiec). Wszystkie jego cz\u0119\u015bci s\u0105 dla nich truj\u0105ce. Zjedzenie tego owocu wywo\u0142uje u pupila wymioty i biegunk\u0119, skutkuj\u0105c zapaleniem gruczo\u0142u mlekowego, uszkodzeniem mi\u0119\u015bnia sercowego, zaburzeniami kr\u0105\u017cenia i oddychania. Intensywno\u015b\u0107 zachorowania zale\u017cy od ilo\u015bci zjedzonego <a href=\"https:\/\/pl.wikipedia.org\/wiki\/Smaczliwka\">awokado<\/a> i od masy psa.<\/p>\n\t<\/div>\r\n<\/div>\r\n\r\n\r\n\r\n\r\n<div class=\"wpb_text_column wpb_content_element\" >\r\n\t<div class=\"wpb_wrapper\">\r\n\t\t<h3>8. <strong>Czekolada i kakao<\/strong><\/h3>\n<p>Czekolada i kakao zawieraj\u0105 <a href=\"https:\/\/pl.wikipedia.org\/wiki\/Zatrucie_teobromin%C4%85\">teobromin\u0119<\/a>, kt\u00f3ra jest dla ps\u00f3w truj\u0105ca a tak\u017ce mo\u017ce powodowa\u0107 zaburzenia pracy serca prowadz\u0105ce nawet do \u015bmierci.<\/p>\n<p>Pierwszymi objawami zatrucia mog\u0105 by\u0107 u psa:<\/p>\n<ul>\n<li>nudno\u015bci,<\/li>\n<li>wymioty,<\/li>\n<li>biegunka,<\/li>\n<li>tak\u017ce zwi\u0119kszone wydalanie moczu,<\/li>\n<li>k\u0142opoty z kr\u0105\u017ceniem i oddychaniem,<\/li>\n<li>zawa\u0142 oraz krwotok wewn\u0119trzny.<\/li>\n<\/ul>\n<p><a href=\"https:\/\/pl.wikipedia.org\/wiki\/Zatrucie_teobromin%C4%85\">Teobromina<\/a> mo\u017ce utrzymywa\u0107 si\u0119 w krwi ps\u00f3w nawet do 20 godzin.<\/p>\n\t<\/div>\r\n<\/div>\r\n\r\n\r\n\r\n\r\n<div class=\"wpb_text_column wpb_content_element\" >\r\n\t<div class=\"wpb_wrapper\">\r\n\t\t<h3>9. <strong>Pestki jab\u0142ek, wi\u015bni, czere\u015bni itp.<\/strong><\/h3>\n<p>Os\u0142onki z nasion s\u0105 toksyczne dla psa, poniewa\u017c zawieraj\u0105 naturalny zwi\u0105zek chemiczny (<a href=\"https:\/\/pl.wikipedia.org\/wiki\/Amigdalina\">amigdalina<\/a>), kt\u00f3ry uwalnia cyjanek po strawieniu. To problem g\u0142\u00f3wnie, je\u015bli pies zje ich du\u017c\u0105 ilo\u015b\u0107, a nasiona zostan\u0105 prze\u017cuje. By karmi\u0107 tymi owocami psa bezpiecznie upewnij si\u0119 \u017ce usuwasz nasiennik z jab\u0142ka lub wi\u015bni przed podaniem.<\/p>\n\t<\/div>\r\n<\/div>\r\n\r\n\r\n\r\n\n\t\t\t<\/div> \n\t\t<\/div>\n\t<\/div> \n<\/div><\/div>","protected":false},"excerpt":{"rendered":"Czego nie mo\u017ce je\u015b\u0107 pies? To lista rzeczy kt\u00f3rych psy nie mog\u0105 je\u015b\u0107, opisy znajdziesz pod list\u0105. 1. Cebula 2. Czosnek 3. Rodzynki i winogrona...","protected":false},"author":1,"featured_media":0,"parent":0,"menu_order":0,"comment_status":"closed","ping_status":"closed","template":"","meta":{"footnotes":""},"class_list":["post-6581","page","type-page","status-publish"],"yoast_head":"<!-- This site is optimized with the Yoast SEO plugin v15.9.2 - https:\/\/yoast.com\/wordpress\/plugins\/seo\/ -->\n<title>Czego nie mo\u017ce je\u015b\u0107 pies | Diet4Pet<\/title>\n<meta name=\"description\" content=\"Nie wszystkie elementy naszej diety s\u0105 dobre dla ps\u00f3w - lista rzeczy kt\u00f3rych nie powini\u015bmy lub nie mo\u017cemy podawa\u0107 naszemu psu.\" \/>\n<link rel=\"canonical\" href=\"https:\/\/diet4pet.com\/en_us\/czego-nie-moze-jesc-pies\/\" \/>\n<meta property=\"og:locale\" content=\"en_US\" \/>\n<meta property=\"og:type\" content=\"article\" \/>\n<meta property=\"og:title\" content=\"Czego nie mo\u017ce je\u015b\u0107 pies | Diet4Pet\" \/>\n<meta property=\"og:description\" content=\"Nie wszystkie elementy naszej diety s\u0105 dobre dla ps\u00f3w - lista rzeczy kt\u00f3rych nie powini\u015bmy lub nie mo\u017cemy podawa\u0107 naszemu psu.\" \/>\n<meta property=\"og:url\" content=\"https:\/\/diet4pet.com\/en_us\/czego-nie-moze-jesc-pies\/\" \/>\n<meta property=\"og:site_name\" content=\"Diet4Pet\" \/>\n<meta property=\"article:publisher\" content=\"https:\/\/www.facebook.com\/Diet4Pet\/\" \/>\n<meta property=\"article:modified_time\" content=\"2020-03-18T22:19:46+00:00\" \/>\n<meta name=\"twitter:card\" content=\"summary_large_image\" \/>\n<meta name=\"twitter:label1\" content=\"Est. reading time\">\n\t<meta name=\"twitter:data1\" content=\"5 minutes\">\n<script type=\"application\/ld+json\" class=\"yoast-schema-graph\">{\"@context\":\"https:\/\/schema.org\",\"@graph\":[{\"@type\":\"Organization\",\"@id\":\"https:\/\/diet4pet.com\/#organization\",\"name\":\"Diet4Pet\",\"url\":\"https:\/\/diet4pet.com\/\",\"sameAs\":[\"https:\/\/www.facebook.com\/Diet4Pet\/\",\"https:\/\/www.linkedin.com\/company\/18707603\/\",\"https:\/\/www.youtube.com\/channel\/UC22sFHeyMNLwSI-ZDmuIouA\"],\"logo\":{\"@type\":\"ImageObject\",\"@id\":\"https:\/\/diet4pet.com\/#logo\",\"inLanguage\":\"en-US\",\"url\":\"https:\/\/diet4pet.com\/wp-content\/uploads\/2018\/12\/Zrzut-ekranu-2018-11-30-o-20.35.37.png\",\"width\":696,\"height\":526,\"caption\":\"Diet4Pet\"},\"image\":{\"@id\":\"https:\/\/diet4pet.com\/#logo\"}},{\"@type\":\"WebSite\",\"@id\":\"https:\/\/diet4pet.com\/#website\",\"url\":\"https:\/\/diet4pet.com\/\",\"name\":\"Diet4Pet\",\"description\":\"Najlepsza dieta Twojego ukochanego zwierzaka.\",\"publisher\":{\"@id\":\"https:\/\/diet4pet.com\/#organization\"},\"potentialAction\":[{\"@type\":\"SearchAction\",\"target\":\"https:\/\/diet4pet.com\/?s={search_term_string}\",\"query-input\":\"required name=search_term_string\"}],\"inLanguage\":\"en-US\"},{\"@type\":\"WebPage\",\"@id\":\"https:\/\/diet4pet.com\/czego-nie-moze-jesc-pies\/#webpage\",\"url\":\"https:\/\/diet4pet.com\/czego-nie-moze-jesc-pies\/\",\"name\":\"Czego nie mo\\u017ce je\\u015b\\u0107 pies | Diet4Pet\",\"isPartOf\":{\"@id\":\"https:\/\/diet4pet.com\/#website\"},\"datePublished\":\"2019-08-13T01:10:03+00:00\",\"dateModified\":\"2020-03-18T22:19:46+00:00\",\"description\":\"Nie wszystkie elementy naszej diety s\\u0105 dobre dla ps\\u00f3w - lista rzeczy kt\\u00f3rych nie powini\\u015bmy lub nie mo\\u017cemy podawa\\u0107 naszemu psu.\",\"breadcrumb\":{\"@id\":\"https:\/\/diet4pet.com\/czego-nie-moze-jesc-pies\/#breadcrumb\"},\"inLanguage\":\"en-US\",\"potentialAction\":[{\"@type\":\"ReadAction\",\"target\":[\"https:\/\/diet4pet.com\/czego-nie-moze-jesc-pies\/\"]}]},{\"@type\":\"BreadcrumbList\",\"@id\":\"https:\/\/diet4pet.com\/czego-nie-moze-jesc-pies\/#breadcrumb\",\"itemListElement\":[{\"@type\":\"ListItem\",\"position\":1,\"item\":{\"@type\":\"WebPage\",\"@id\":\"https:\/\/diet4pet.com\/\",\"url\":\"https:\/\/diet4pet.com\/\",\"name\":\"Strona g\\u0142\\u00f3wna\"}},{\"@type\":\"ListItem\",\"position\":2,\"item\":{\"@type\":\"WebPage\",\"@id\":\"https:\/\/diet4pet.com\/czego-nie-moze-jesc-pies\/\",\"url\":\"https:\/\/diet4pet.com\/czego-nie-moze-jesc-pies\/\",\"name\":\"Czego nie mo\\u017ce je\\u015b\\u0107 pies\"}}]}]}<\/script>\n<!-- \/ Yoast SEO plugin. -->","_links":{"self":[{"href":"https:\/\/diet4pet.com\/en_us\/wp-json\/wp\/v2\/pages\/6581","targetHints":{"allow":["GET"]}}],"collection":[{"href":"https:\/\/diet4pet.com\/en_us\/wp-json\/wp\/v2\/pages"}],"about":[{"href":"https:\/\/diet4pet.com\/en_us\/wp-json\/wp\/v2\/types\/page"}],"author":[{"embeddable":true,"href":"https:\/\/diet4pet.com\/en_us\/wp-json\/wp\/v2\/users\/1"}],"replies":[{"embeddable":true,"href":"https:\/\/diet4pet.com\/en_us\/wp-json\/wp\/v2\/comments?post=6581"}],"version-history":[{"count":27,"href":"https:\/\/diet4pet.com\/en_us\/wp-json\/wp\/v2\/pages\/6581\/revisions"}],"predecessor-version":[{"id":6709,"href":"https:\/\/diet4pet.com\/en_us\/wp-json\/wp\/v2\/pages\/6581\/revisions\/6709"}],"wp:attachment":[{"href":"https:\/\/diet4pet.com\/en_us\/wp-json\/wp\/v2\/media?parent=6581"}],"curies":[{"name":"wp","href":"https:\/\/api.w.org\/{rel}","templated":true}]}}