{"id":6152,"date":"2019-01-01T17:04:42","date_gmt":"2019-01-01T16:04:42","guid":{"rendered":"https:\/\/diet4pet.com\/?page_id=6152"},"modified":"2019-03-13T10:59:58","modified_gmt":"2019-03-13T09:59:58","slug":"polityka-prywatnosci","status":"publish","type":"page","link":"https:\/\/diet4pet.com\/en_us\/pl-pl\/polityka-prywatnosci\/","title":{"rendered":"Polityka Prywatno\u015bci | Diet4Pet"},"content":{"rendered":"<div id=\"fws_69e1cfb3689a4\"  data-column-margin=\"default\" data-midnight=\"dark\"  class=\"wpb_row vc_row-fluid vc_row standard_section\"  style=\"padding-top: 0px; padding-bottom: 0px; \"><div class=\"row-bg-wrap\" data-bg-animation=\"none\" data-bg-overlay=\"false\"><div class=\"inner-wrap\"><div class=\"row-bg\"  style=\"\"><\/div><\/div><div class=\"row-bg-overlay\" ><\/div><\/div><div class=\"row_col_wrap_12 col span_12 dark left\">\n\t<div  class=\"vc_col-sm-12 wpb_column column_container vc_column_container col no-extra-padding\"  data-t-w-inherits=\"default\" data-bg-cover=\"\" data-padding-pos=\"all\" data-has-bg-color=\"false\" data-bg-color=\"\" data-bg-opacity=\"1\" data-hover-bg=\"\" data-hover-bg-opacity=\"1\" data-animation=\"\" data-delay=\"0\" >\n\t\t<div class=\"vc_column-inner\" ><div class=\"column-bg-overlay-wrap\" data-bg-animation=\"none\"><div class=\"column-bg-overlay\"><\/div><\/div>\n\t\t\t<div class=\"wpb_wrapper\">\n\t\t\t\t\r\n<div class=\"wpb_text_column wpb_content_element\" >\r\n\t<div class=\"wpb_wrapper\">\r\n\t\t<h3 style=\"text-align: center;\">POLITYKA PRYWATNO\u015aCI<\/h3>\n<ol>\n<li style=\"text-align: left;\">PRZEPISY OG\u00d3LNE.<\/li>\n<\/ol>\n<p>&nbsp;<\/p>\n<p>1.1. Niniejsza Polityka Prywatno\u015bci okre\u015bla zasady przetwarzania danych osobowych przez Administratora strony <a href=\"https:\/\/www.diet4pet.com\">www.diet4pet.com<\/a> (\u201eSerwis\u201d) b\u0119d\u0105cego w\u0142a\u015bcicielem Serwisu.<\/p>\n<p>1.2. Dane osobowe przekazywane s\u0105 przez U\u017cytkownik\u00f3w dobrowolnie Administratorowi za po\u015brednictwem Serwisu i s\u0105 przetwarzane zgodnie z Rozporz\u0105dzeniem Parlamentu Europejskiego i Rady (UE) 2016\/679 z dnia 27 kwietnia 2016 roku w sprawie ochrony os\u00f3b fizycznych w zwi\u0105zku z przetwarzaniem danych osobowych i w sprawie swobodnego przep\u0142ywu takich danych oraz uchylenia dyrektywy 95\/46\/WE (og\u00f3lne rozporz\u0105dzenie o ochronie danych) oraz Ustaw\u0105 z dnia 10 maja 2018 roku o ochronie danych osobowych (Dz. U. 2018 poz. 1000).<\/p>\n<p>1.3. Administrator deklaruje gotowo\u015b\u0107 podj\u0119cia wszelkich dzia\u0142a\u0144 maj\u0105cych na celu zapewnienie wysokiego poziomu bezpiecze\u0144stwa danych osobowych, wprowadzania udoskonale\u0144 w dzia\u0142alno\u015bci oraz prowadzenia sta\u0142ego nadzoru proces\u00f3w przetwarzania danych osobowych. Ponadto, w przypadku wyst\u0105pienia incydent\u00f3w zagra\u017caj\u0105cych bezpiecze\u0144stwu danych osobowych, Administrator obowi\u0105zuje si\u0119 do niezw\u0142ocznego podj\u0119cia dzia\u0142a\u0144 maj\u0105cych na celu usuni\u0119cie b\u0105d\u017a zminimalizowanie ewentualnych negatywnych konsekwencji oraz zapobie\u017cenie podobnym incydentom w przysz\u0142o\u015bci.<\/p>\n<ol start=\"2\">\n<li>DEFINICJE I SKR\u00d3TY<\/li>\n<\/ol>\n<p>U\u017cyte w niniejszej Polityce Prywatno\u015bci zwroty i wyra\u017cenia b\u0119d\u0105 mia\u0142y przypisane im poni\u017cej przez Strony nast\u0119puj\u0105ce znaczenie:<\/p>\n<p>2.1. Administrator \u2013 oznacza osob\u0119 fizyczna lub prawn\u0105, organ publiczny, jednostka lub inny podmiot, kt\u00f3ry samodzielnie lub wsp\u00f3lnie z innymi ustala cele i sposoby przetwarzania danych osobowych; w przypadku niniejszej Polityki Prywatno\u015bci przez Administratora rozumie si\u0119 W\u0142a\u015bciciela Serwisu.<\/p>\n<p>2.2. dane osobowe \u2013 informacje o zidentyfikowanej lub mo\u017cliwej do zidentyfikowania osobie fizycznej (\u201eosobie, kt\u00f3rej dane dotycz\u0105\u201d); mo\u017cliwa do zidentyfikowania osoba fizyczna to osoba, kt\u00f3r\u0105 mo\u017cna bezpo\u015brednio lub po\u015brednio zidentyfikowa\u0107, w szczeg\u00f3lno\u015bci na podstawie identyfikatora takiego jak imi\u0119 i nazwisko, numer identyfikacyjny, dane o lokalizacji, identyfikator internetowy lub jeden b\u0105d\u017a kilka szczeg\u00f3lnych czynnik\u00f3w okre\u015blaj\u0105cych fizyczn\u0105, fizjologiczn\u0105, genetyczn\u0105, psychiczn\u0105, ekonomiczn\u0105, kulturow\u0105 lub spo\u0142eczn\u0105 to\u017csamo\u015b\u0107 osoby fizycznej;<\/p>\n<p>2.3. przetwarzanie \u2013 operacja lub zestaw operacji wykonywanych na danych osobowych lub zestawach danych osobowych w spos\u00f3b zautomatyzowany lub niezautomatyzowany, tak\u0105 jak zbieranie, utrwalanie, organizowanie, porz\u0105dkowanie, przechowywanie, adaptowanie lub modyfikowanie, pobieranie, przegl\u0105danie, wykorzystywanie, ujawnianie poprzez przes\u0142anie, rozpowszechnianie lub innego rodzaju udost\u0119pnianie, dopasowywanie lub \u0142\u0105czenie, ograniczanie, usuwanie lub niszczenie;<\/p>\n<p>2.4. U\u017cytkownik \u2013 podmiot korzystaj\u0105cy z Serwisu <a href=\"https:\/\/www.diet4pet.com\">www.diet4pet.com<\/a>, na rzecz kt\u00f3rego zgodnie z Regulaminem i przepisami prawa \u015bwiadczone s\u0105 us\u0142ugi drog\u0105 elektroniczn\u0105;<\/p>\n<p>2.5. Serwis \u2013 strona internetowa <a href=\"https:\/\/www.diet4pet.com\">www.diet4pet.com<\/a> (oraz wszystkie powi\u0105zane witryny kontrolowane) nale\u017c\u0105ce do W\u0142a\u015bciciela serwisu.<\/p>\n<p>2.6. UODO \u2013 Urz\u0105d Ochrony Danych Osobowych;<\/p>\n<p>2.7. PUODO \u2013 Prezes Urz\u0119du Ochrony Danych Osobowych, organ nadzorczy w rozumieniu RODO;<\/p>\n<p>2.8. RODO \u2013 Rozporz\u0105dzenie Parlamentu Europejskiego i Rady (UE) 2016\/679 z dnia 27 kwietnia 2016 roku w sprawie ochrony os\u00f3b fizycznych w zwi\u0105zku z przetwarzaniem danych osobowych i w sprawie swobodnego przep\u0142ywu takich danych oraz uchylenia dyrektywy 95\/46\/WE (og\u00f3lne rozporz\u0105dzenie o ochronie danych);<\/p>\n<p>2.9. Ustawa \u2013 Ustawy z dnia 10 maja 2018 r. o ochronie danych osobowych (Dz. U. 2018 poz. 1000).III.<\/p>\n<ol start=\"3\">\n<li>KONTAKT Z ADMINISTRATOREM<\/li>\n<\/ol>\n<p>Mo\u017cecie si\u0119 z Pa\u0144stwo skontaktowa\u0107 z Administratorem za po\u015brednictwem formularza kontaktowego znajduj\u0105cego si\u0119 na stronie <a href=\"https:\/\/www.diet4pet.com\">www.diet4pet.com<\/a> b\u0105d\u017a wysy\u0142aj\u0105c wiadomo\u015b\u0107 na adres e-mail: info@diet4pet.com<\/p>\n<ol start=\"4\">\n<li>ZBIERANE DANE<\/li>\n<\/ol>\n<p>4.1. Administrator zbiera dane osobowe w zwi\u0105zku z korzystaniem z Serwisu, w przypadku skorzystania z formularza kontaktowego zamieszczonego na Stronie Internetowej, jak r\u00f3wnie\u017c w przypadku subskrypcji newslettera.<\/p>\n<p>4.2. W przypadku korzystania z Serwisu, U\u017cytkownik wype\u0142nia formularz rejestracyjny, podaj\u0105c tym samym nast\u0119puj\u0105ce dane osobowe:<\/p>\n<p>4.2.1. Adres e-mail;<\/p>\n<p>4.2.2. Imi\u0119<\/p>\n<p>4.3. W przypadku skorzystania przez U\u017cytkownika z formularza kontaktowego zamieszczonego na Stronie Internetowej, U\u017cytkownik podaje nast\u0119puj\u0105ce dane osobowe:<\/p>\n<p>4.3.1. Adres e-mail;<\/p>\n<p>4.3.2. Imi\u0119<\/p>\n<p>4.4. W przypadku zapisu do newslettera, U\u017cytkownik podaje Adres e-mail;<\/p>\n<p>W trakcie korzystania ze Strony Internetowej mo\u017cliwe jest r\u00f3wnie\u017c pobieranie dodatkowych informacji, w szczeg\u00f3lno\u015bci: adres IP przypisany do komputera b\u0105d\u017a urz\u0105dzenia mobilnego U\u017cytkownika lub zewn\u0119trzny adres IP dostawcy Internetu, nazwa domeny, rodzaj przegl\u0105darki, typ systemu operacyjnego.<\/p>\n<p>&nbsp;<\/p>\n<ol start=\"5\">\n<li>CELE I PODSTAWY PRZETWARZANIAAdministrator przetwarza dane osobowe U\u017cytkownika wy\u0142\u0105cznie w celu prawid\u0142owej realizacji us\u0142ug, okre\u015blonych w Regulaminie wykorzystuj\u0105c dane osobowe, w szczeg\u00f3lno\u015bci imi\u0119 i nazwisko oraz adres e-mail, zgodnie z ustaw\u0105 z dnia 18 lipca 2002 r. o\u015bwiadczeniu us\u0142ug drog\u0105 elektroniczn\u0105 (Dz. U. Nr 144, poz. 1204 z p\u00f3\u017an. zm.)<\/li>\n<\/ol>\n<p>Wskazujemy, \u017ce w przypadku przetwarzania danych osobowych U\u017cytkownik\u00f3w na podstawie zgody, U\u017cytkownikom w ka\u017cdej chwili przys\u0142uguje prawo do jej wycofania, cofni\u0119cie zgody nie wp\u0142ywa jednak na zgodno\u015b\u0107 z prawem przetwarzania, kt\u00f3rego dokonano na podstawie zgody U\u017cytkownik\u00f3w przed jej wycofaniem<\/p>\n<ol start=\"6\">\n<li>PRAWO DO SPRZECIWU<\/li>\n<\/ol>\n<p>6.1 Czym jest prawo sprzeciwu? Prawo sprzeciwu jest jednym z uprawnie\u0144 przys\u0142uguj\u0105cych naszym U\u017cytkownikom na mocy art. 21 RODO.<\/p>\n<p>6.2. Kiedy mo\u017cesz z niego skorzysta\u0107? W ka\u017cdej chwili.<\/p>\n<p>6.3. Jakie przetwarzanie obejmuje sprzeciw? Uprawnienie to dotyczy przetwarzania danych osobowych, opartego na przes\u0142ankach wskazanych w art. 6 ust. 1 lit. 3 lit. e) lub f) RODO, tj.:<\/p>\n<ul>\n<li>niezb\u0119dnego do wykonania zadania realizowanego przez nas w interesie publicznym lub w ramach w w\u0142adzy publicznej powierzonej Administratorowi (art. 6 ust. 1 lit. e) RODO);<\/li>\n<li>niezb\u0119dnego dla cel\u00f3w wynikaj\u0105cych z prawnie uzasadnionych interes\u00f3w realizowanych przez Administratora lub przez stron\u0119 trzeci\u0105, z wyj\u0105tkiem sytuacji, w kt\u00f3rych nadrz\u0119dny charakter wobec tych interes\u00f3w maj\u0105 interesy lub podstawowe prawa i wolno\u015bci osoby, kt\u00f3rej dane dotycz\u0105, wymagaj\u0105ce ochrony danych osobowych (art. 6 ust. 1 lit. f) RODO).<\/li>\n<\/ul>\n<p>Dodatkowo, w dowolnym momencie, mog\u0105 Pa\u0144stwo wnie\u015b\u0107 sprzeciw wobec przetwarzania Pa\u0144stwa danych osobowych na potrzeby marketingu bezpo\u015bredniego, w tym profilowania.<\/p>\n<p>6.4. Jakie skutki wywo\u0142uje wniesienie sprzeciwu ?W przypadku skorzystania przez U\u017cytkownika z tego prawa, Administrator nie b\u0119dzie dalej przetwarza\u0107 danych osobowych w tym celu, chyba \u017ce Administrator b\u0119dzie w stanie wykaza\u0107, \u017ce w stosunku do danych U\u017cytkownik\u00f3w istniej\u0105 wa\u017cne dla Administratora prawnie uzasadnione podstawy, kt\u00f3re s\u0105 nadrz\u0119dne wobec interes\u00f3w, praw i wolno\u015bci U\u017cytkownik\u00f3w lub wtedy, gdy dane U\u017cytkownik\u00f3w b\u0119d\u0105 Administratorowi niezb\u0119dne do ewentualnego ustalenia, dochodzenia lub obrony roszcze\u0144.<\/p>\n<ol start=\"7\">\n<li>OKRES PRZECHOWYWANIA<\/li>\n<\/ol>\n<p>Dane osobowe U\u017cytkownik\u00f3w b\u0119d\u0105 przetwarzane:<\/p>\n<p>7.1. w przypadku przetwarzania dla cel\u00f3w marketingowych \u2013 do momentu wniesienia przez U\u017cytkownika sprzeciwu wobec takiego przetwarzania;<\/p>\n<p>7.2. w przypadku wyra\u017cenia zgody na przetwarzanie danych w danym celu \u2013do czasu cofni\u0119cia zgody, jednak nie d\u0142u\u017cej ni\u017c przez okres 1 roku od jej udzielenia;<\/p>\n<p>7.3. w celu rozliczalno\u015bci tj. udowodnienia przestrzegania przepis\u00f3w dotycz\u0105cych przetwarzania danych osobowych b\u0119d\u0105 one przechowywane przez okres, w kt\u00f3rym Administrator zobowi\u0105zany jest do zachowania danych lub dokument\u00f3w je zawieraj\u0105cych dla udokumentowania spe\u0142nienia wymaga\u0144 prawnych i umo\u017cliwienia kontroli ich spe\u0142nienia przez organy publiczne.<\/p>\n<ol start=\"8\">\n<li>PRZEKAZYWANIE DANYCH<\/li>\n<\/ol>\n<p>Dane osobowe U\u017cytkownik\u00f3w mog\u0105 zosta\u0107 ujawnione podmiotom przetwarzaj\u0105cym dane w naszym imieniu, uczestnicz\u0105cym w wykonywaniu naszych czynno\u015bci, w szczeg\u00f3lno\u015bci podmiotom obs\u0142uguj\u0105cym nasze systemy informatyczne, firmom ksi\u0119gowym, informatycznym, hostingowym, podmiotom \u015bwiadcz\u0105cym pomoc prawn\u0105, drukarniom oraz agencjom marketingowym.<\/p>\n<p>W przypadku integracji Konta U\u017cytkownika z portalem Facebook, dane charakteryzuj\u0105ce spos\u00f3b korzystania z us\u0142ug \u015bwiadczonych drog\u0105 elektroniczn\u0105 (dane eksploatacyjne) w celach marketingowych:<\/p>\n<ul>\n<li>oznaczenia U\u017cytkownika,<\/li>\n<li>informacji o korzystaniu z Serwisu;<\/li>\n<li>oznaczenia sieci telekomunikacyjnej lub systemu teleinformatycznego wykorzystywanego przez U\u017cytkownika.<\/li>\n<\/ul>\n<ol start=\"9\">\n<li>PRAWA OS\u00d3B, KT\u00d3RYCH DANE DOTYCZ\u0104<\/li>\n<\/ol>\n<p>Zgodnie z RODO, przys\u0142uguj\u0105 Pa\u0144stwu nast\u0119puj\u0105ce prawa:<\/p>\n<p>9.1 prawo dost\u0119pu do swoich danych oraz otrzymania ich kopii;<\/p>\n<p>9.2 prawo do sprostowania (poprawiania b\u0105d\u017a uzupe\u0142nienia) swoich danych;<\/p>\n<p>9.3 prawo do ograniczenia przetwarzania danych (ograniczenie przetwarzania danych do ich przechowywania b\u0105d\u017a nieusuwanie danych, w zale\u017cno\u015bci od wyra\u017conego \u017c\u0105dania);<\/p>\n<p>9.4. prawo do usuni\u0119cia danych przetwarzanych bezpodstawnie (tzw. prawo do bycia zapomnianym);<\/p>\n<p>9.5. prawo do przenoszenia danych;<\/p>\n<p>9.6. prawo do wniesienia skargi do organu nadzorczego \u2013Prezesa Urz\u0119du Ochrony Danych Osobowych;<\/p>\n<p>9.7. prawo do cofni\u0119cia zgody na przetwarzanie danych;<\/p>\n<p>Z tych praw Klienci mog\u0105 skorzysta\u0107, przesy\u0142aj\u0105c wniosek w wiadomo\u015bci na wskazany powy\u017cej adres email. Jednocze\u015bnie informujemy, \u017ce aby mie\u0107 pewno\u015b\u0107, \u017ce s\u0105 Pa\u0144stwo uprawnieni do z\u0142o\u017cenia wniosku, mo\u017cemy prosi\u0107 o podanie dodatkowych informacji pozwalaj\u0105cych nam na Pa\u0144stwa uwierzytelnienie.<\/p>\n<p>Zakres ka\u017cdego z tych praw oraz podstawy do wystosowania \u017c\u0105dania wynikaj\u0105 z odpowiednich przepis\u00f3w RODO.<\/p>\n<ol start=\"10\">\n<li>PRZEKAZYWANIE DANYCH POZA EUROPEJSKI OBSZAR GOSPODARCZY<\/li>\n<\/ol>\n<p>Administrator nie planuje obecnie przekazywa\u0107 danych osobowych do pa\u0144stwa trzeciego ani do organizacji mi\u0119dzynarodowych (tj. poza EOG).<\/p>\n<ol start=\"11\">\n<li>BEZPIECZE\u0143STWO DANYCH OSOBOWYCH<\/li>\n<\/ol>\n<p>Zapewniamy odpowiedni poziom bezpiecze\u0144stwa Twoich danych osobowych, podj\u0119li\u015bmy tak\u017ce szereg dzia\u0142a\u0144 technicznych i organizacyjnych, maj\u0105cych na celu dostosowanie dzia\u0142alno\u015bci do wymog\u00f3w w zakresie ochrony danych osobowych do RODO.<\/p>\n\t<\/div>\r\n<\/div>\r\n\r\n\r\n\r\n\n\t\t\t<\/div> \n\t\t<\/div>\n\t<\/div> \n<\/div><\/div>","protected":false},"excerpt":{"rendered":"POLITYKA PRYWATNO\u015aCI PRZEPISY OG\u00d3LNE. &nbsp; 1.1. Niniejsza Polityka Prywatno\u015bci okre\u015bla zasady przetwarzania danych osobowych przez Administratora strony www.diet4pet.com (\u201eSerwis\u201d) b\u0119d\u0105cego w\u0142a\u015bcicielem Serwisu. 1.2. Dane osobowe...","protected":false},"author":1,"featured_media":0,"parent":5857,"menu_order":5,"comment_status":"closed","ping_status":"closed","template":"","meta":{"footnotes":""},"class_list":["post-6152","page","type-page","status-publish"],"yoast_head":"<!-- This site is optimized with the Yoast SEO plugin v15.9.2 - https:\/\/yoast.com\/wordpress\/plugins\/seo\/ -->\n<title>Polityka Prywatno\u015bci | Diet4Pet | Diet4Pet<\/title>\n<link rel=\"canonical\" href=\"https:\/\/diet4pet.com\/en_us\/pl-pl\/polityka-prywatnosci\/\" \/>\n<meta property=\"og:locale\" content=\"en_US\" \/>\n<meta property=\"og:type\" content=\"article\" \/>\n<meta property=\"og:title\" content=\"Polityka Prywatno\u015bci | Diet4Pet | Diet4Pet\" \/>\n<meta property=\"og:url\" content=\"https:\/\/diet4pet.com\/en_us\/pl-pl\/polityka-prywatnosci\/\" \/>\n<meta property=\"og:site_name\" content=\"Diet4Pet\" \/>\n<meta property=\"article:publisher\" content=\"https:\/\/www.facebook.com\/Diet4Pet\/\" \/>\n<meta property=\"article:modified_time\" content=\"2019-03-13T09:59:58+00:00\" \/>\n<meta name=\"twitter:card\" content=\"summary_large_image\" \/>\n<meta name=\"twitter:label1\" content=\"Est. reading time\">\n\t<meta name=\"twitter:data1\" content=\"8 minutes\">\n<script type=\"application\/ld+json\" class=\"yoast-schema-graph\">{\"@context\":\"https:\/\/schema.org\",\"@graph\":[{\"@type\":\"Organization\",\"@id\":\"https:\/\/diet4pet.com\/#organization\",\"name\":\"Diet4Pet\",\"url\":\"https:\/\/diet4pet.com\/\",\"sameAs\":[\"https:\/\/www.facebook.com\/Diet4Pet\/\",\"https:\/\/www.linkedin.com\/company\/18707603\/\",\"https:\/\/www.youtube.com\/channel\/UC22sFHeyMNLwSI-ZDmuIouA\"],\"logo\":{\"@type\":\"ImageObject\",\"@id\":\"https:\/\/diet4pet.com\/#logo\",\"inLanguage\":\"en-US\",\"url\":\"https:\/\/diet4pet.com\/wp-content\/uploads\/2018\/12\/Zrzut-ekranu-2018-11-30-o-20.35.37.png\",\"width\":696,\"height\":526,\"caption\":\"Diet4Pet\"},\"image\":{\"@id\":\"https:\/\/diet4pet.com\/#logo\"}},{\"@type\":\"WebSite\",\"@id\":\"https:\/\/diet4pet.com\/#website\",\"url\":\"https:\/\/diet4pet.com\/\",\"name\":\"Diet4Pet\",\"description\":\"Najlepsza dieta Twojego ukochanego zwierzaka.\",\"publisher\":{\"@id\":\"https:\/\/diet4pet.com\/#organization\"},\"potentialAction\":[{\"@type\":\"SearchAction\",\"target\":\"https:\/\/diet4pet.com\/?s={search_term_string}\",\"query-input\":\"required name=search_term_string\"}],\"inLanguage\":\"en-US\"},{\"@type\":\"WebPage\",\"@id\":\"https:\/\/diet4pet.com\/pl-pl\/polityka-prywatnosci\/#webpage\",\"url\":\"https:\/\/diet4pet.com\/pl-pl\/polityka-prywatnosci\/\",\"name\":\"Polityka Prywatno\\u015bci | Diet4Pet | Diet4Pet\",\"isPartOf\":{\"@id\":\"https:\/\/diet4pet.com\/#website\"},\"datePublished\":\"2019-01-01T16:04:42+00:00\",\"dateModified\":\"2019-03-13T09:59:58+00:00\",\"breadcrumb\":{\"@id\":\"https:\/\/diet4pet.com\/pl-pl\/polityka-prywatnosci\/#breadcrumb\"},\"inLanguage\":\"en-US\",\"potentialAction\":[{\"@type\":\"ReadAction\",\"target\":[\"https:\/\/diet4pet.com\/pl-pl\/polityka-prywatnosci\/\"]}]},{\"@type\":\"BreadcrumbList\",\"@id\":\"https:\/\/diet4pet.com\/pl-pl\/polityka-prywatnosci\/#breadcrumb\",\"itemListElement\":[{\"@type\":\"ListItem\",\"position\":1,\"item\":{\"@type\":\"WebPage\",\"@id\":\"https:\/\/diet4pet.com\/\",\"url\":\"https:\/\/diet4pet.com\/\",\"name\":\"Strona g\\u0142\\u00f3wna\"}},{\"@type\":\"ListItem\",\"position\":2,\"item\":{\"@type\":\"WebPage\",\"@id\":\"https:\/\/diet4pet.com\/\",\"url\":\"https:\/\/diet4pet.com\/\",\"name\":\"Strona G\\u0142\\u00f3wna\"}},{\"@type\":\"ListItem\",\"position\":3,\"item\":{\"@type\":\"WebPage\",\"@id\":\"https:\/\/diet4pet.com\/pl-pl\/polityka-prywatnosci\/\",\"url\":\"https:\/\/diet4pet.com\/pl-pl\/polityka-prywatnosci\/\",\"name\":\"Polityka Prywatno\\u015bci | Diet4Pet\"}}]}]}<\/script>\n<!-- \/ Yoast SEO plugin. -->","_links":{"self":[{"href":"https:\/\/diet4pet.com\/en_us\/wp-json\/wp\/v2\/pages\/6152","targetHints":{"allow":["GET"]}}],"collection":[{"href":"https:\/\/diet4pet.com\/en_us\/wp-json\/wp\/v2\/pages"}],"about":[{"href":"https:\/\/diet4pet.com\/en_us\/wp-json\/wp\/v2\/types\/page"}],"author":[{"embeddable":true,"href":"https:\/\/diet4pet.com\/en_us\/wp-json\/wp\/v2\/users\/1"}],"replies":[{"embeddable":true,"href":"https:\/\/diet4pet.com\/en_us\/wp-json\/wp\/v2\/comments?post=6152"}],"version-history":[{"count":4,"href":"https:\/\/diet4pet.com\/en_us\/wp-json\/wp\/v2\/pages\/6152\/revisions"}],"predecessor-version":[{"id":6476,"href":"https:\/\/diet4pet.com\/en_us\/wp-json\/wp\/v2\/pages\/6152\/revisions\/6476"}],"up":[{"embeddable":true,"href":"https:\/\/diet4pet.com\/en_us\/wp-json\/wp\/v2\/pages\/5857"}],"wp:attachment":[{"href":"https:\/\/diet4pet.com\/en_us\/wp-json\/wp\/v2\/media?parent=6152"}],"curies":[{"name":"wp","href":"https:\/\/api.w.org\/{rel}","templated":true}]}}