{"id":6123,"date":"2019-01-01T15:39:21","date_gmt":"2019-01-01T14:39:21","guid":{"rendered":"https:\/\/diet4pet.com\/?page_id=6123"},"modified":"2019-05-02T18:46:51","modified_gmt":"2019-05-02T17:46:51","slug":"regulamin","status":"publish","type":"page","link":"https:\/\/diet4pet.com\/en_us\/pl-pl\/regulamin\/","title":{"rendered":"Terms and conditions"},"content":{"rendered":"<div id=\"fws_69e497359b51d\"  data-column-margin=\"default\" data-midnight=\"dark\"  class=\"wpb_row vc_row-fluid vc_row standard_section\"  style=\"padding-top: 0px; padding-bottom: 0px; \"><div class=\"row-bg-wrap\" data-bg-animation=\"none\" data-bg-overlay=\"false\"><div class=\"inner-wrap\"><div class=\"row-bg\"  style=\"\"><\/div><\/div><div class=\"row-bg-overlay\" ><\/div><\/div><div class=\"row_col_wrap_12 col span_12 dark left\">\n\t<div  class=\"vc_col-sm-12 wpb_column column_container vc_column_container col no-extra-padding\"  data-t-w-inherits=\"default\" data-border-radius=\"10px\" data-bg-cover=\"\" data-padding-pos=\"all\" data-has-bg-color=\"false\" data-bg-color=\"\" data-bg-opacity=\"1\" data-hover-bg=\"\" data-hover-bg-opacity=\"1\" data-animation=\"\" data-delay=\"0\" >\n\t\t<div class=\"vc_column-inner\" ><div class=\"column-bg-overlay-wrap\" data-bg-animation=\"none\"><div class=\"column-bg-overlay\"><\/div><\/div>\n\t\t\t<div class=\"wpb_wrapper\">\n\t\t\t\t\r\n<div class=\"wpb_text_column wpb_content_element\" >\r\n\t<div class=\"wpb_wrapper\">\r\n\t\t<h3 style=\"text-align: center;\"><strong>Regulamin serwisu internetowego<\/strong><\/h3>\n<h3 style=\"text-align: center;\"><strong><a href=\"http:\/\/www.Diet4Pet.com\">www.diet4pet.com<\/a><\/strong><\/h3>\n<ol>\n<li>Niniejszy regulamin, zwany dalej &#8222;regulaminem&#8221;, okre\u015bla warunki i zasady korzystania z serwisu internetowego <a href=\"http:\/\/www.Diet4Pet.com\">www.diet4pet.com<\/a> zwanego dalej \u201eserwisem\u201d. Regulamin opisany w zdaniu powy\u017cszym jest regulaminem w rozumieniu art. 8 Ustawy z dnia 18 lipca 2002 o \u015bwiadczeniu us\u0142ug droga elektroniczn\u0105 (Dz. U. 2002 nr 144 poz. 1204 z p\u00f3\u017aniejszymi zmianami. <a href=\"http:\/\/www.Diet4Pet.com\">www.diet4pet.com<\/a> (i wszystkie powi\u0105zane witryny kontrolowane) to strona internetowa (\u201eStrona\u201d) nale\u017c\u0105ca do Paw\u0142a Bry\u0142kowskiego (\u201eAdministrator\/Wydawca\u201d).<\/li>\n<li>Niniejszy regulamin jest jedynym dokumentem okre\u015blaj\u0105cym zasady funkcjonowania serwisu.<\/li>\n<li>Dost\u0119p do serwisu jest bezp\u0142atny i posiadaj\u0105 go wszyscy pe\u0142noletni u\u017cytkownicy sieci Internet. Zamieszczone w serwisie informacje, teksty, artyku\u0142y oraz wszelkie inne dane i materia\u0142y nie mog\u0105 by\u0107 kopiowane (w ca\u0142o\u015bci lub cz\u0119\u015bci), powielane ani zmieniane bez uprzedniej pisemnej zgody Administratora <a href=\"http:\/\/www.diet4pet.com\">www.diet4pet.com<\/a> .<\/li>\n<li>Serwis <a href=\"http:\/\/www.Diet4Pet.com\">www.diet4pet.com<\/a> jest internetowym serwisem informacyjnym po\u015bwi\u0119conym tematyce \u017cywieniowej r\u00f3\u017cnych ras ps\u00f3w, kot\u00f3w oraz innych gatunk\u00f3w zwierz\u0105t.<\/li>\n<li>Informacje s\u0105 prezentowane zbiorczo, na jednej stronie internetowej oraz witrynach powi\u0105zanych.<\/li>\n<li>U\u017cytkownikom udost\u0119pnione zosta\u0142y mechanizmy u\u0142atwiaj\u0105ce wyszukiwanie czy grupowanie okre\u015blonych tre\u015bci.<\/li>\n<li>Niedopuszczalne jest umieszczanie przez U\u017cytkownik\u00f3w serwisu grafik, tekst\u00f3w oraz wszelkich innych materia\u0142\u00f3w naruszaj\u0105cych obowi\u0105zuj\u0105ce prawo, zasady wsp\u00f3\u0142\u017cycia spo\u0142ecznego lub sprzecznych z dobrymi obyczajami, oraz wzywaj\u0105cych do nienawi\u015bci rasowej, wyznaniowej, etnicznej, czy te\u017c propaguj\u0105cych przemoc, w tym w szczeg\u00f3lno\u015bci:<\/li>\n<\/ol>\n<ul>\n<li>zawieraj\u0105cych okre\u015blenia obra\u017aliwe, wulgarne lub zawieraj\u0105cych gro\u017aby skierowane pod adresem os\u00f3b trzecich,<\/li>\n<li>propaguj\u0105cych alkohol, \u015brodki odurzaj\u0105ce i narkotyki,<\/li>\n<li>obra\u017caj\u0105cych osoby publiczne, inne narodowo\u015bci, religie, rasy ludzkie,<\/li>\n<li>posiadaj\u0105cych charakter pornograficzny, e. zawieraj\u0105cych informacje obarczaj\u0105ce niesprawdzonymi zarzutami inne osoby,<\/li>\n<li>naruszaj\u0105cych prawa autorskie innych os\u00f3b.<\/li>\n<\/ul>\n<ol start=\"8\">\n<li>Niedopuszczalne jest umieszczanie przez U\u017cytkownik\u00f3w tre\u015bci uznanych powszechnie za naganne moralnie. Niedopuszczalne jest r\u00f3wnie\u017c zamieszczanie wypowiedzi, kt\u00f3re:<\/li>\n<\/ol>\n<ul>\n<li>zawieraj\u0105 dane osobowe, teleadresowe lub adresy mailowe,<\/li>\n<li>s\u0105 reklamami, spamem lub stanowi\u0105 ofert\u0119, zaproszenie do rokowa\u0144 lub zaproszenie do sk\u0142adania ofert.<\/li>\n<\/ul>\n<ol start=\"9\">\n<li>Niedopuszczalne jest ponadto:<\/li>\n<\/ol>\n<ul>\n<li>podejmowanie dzia\u0142a\u0144, kt\u00f3re mog\u0142yby utrudni\u0107 lub uniemo\u017cliwi\u0107 funkcjonowanie serwisu,<\/li>\n<li>zak\u0142adanie tre\u015bci reklamowych lub zawieraj\u0105cych tre\u015bci oraz elementy graficzne o charakterze komercyjnym,<\/li>\n<li>zamieszczanie informacji, kt\u00f3re s\u0105 wy\u0142\u0105cznie reklam\u0105 w postaci linku przekierowuj\u0105cego do innych stron\/serwis\u00f3w internetowych.<\/li>\n<\/ul>\n<ol start=\"10\">\n<li>Wydawca zastrzega sobie prawo do blokowania i usuwania tre\u015bci naruszaj\u0105cych ograniczenia zawarte w niniejszym regulaminie, jak r\u00f3wnie\u017c prawo do blokowania uczestnictwa w serwisie w stosunku do os\u00f3b naruszaj\u0105cych te postanowienia, bez uprzedniego ostrze\u017cenia.<\/li>\n<li>Wydawca zastrzega sobie prawo do czasowego wy\u0142\u0105czania mechanizm\u00f3w komentowania oraz do moderacji komentarzy przed ich publikacj\u0105.<\/li>\n<li>Wydawca nie ponosi odpowiedzialno\u015bci za niew\u0142a\u015bciwe funkcjonowanie serwisu wynik\u0142e ze z\u0142ego stanu i niew\u0142a\u015bciwego dzia\u0142ania sieci Internet, jak r\u00f3wnie\u017c wynikaj\u0105ce z dzia\u0142alno\u015bci innych podmiot\u00f3w, a tak\u017ce spowodowane si\u0142\u0105 wy\u017csz\u0105.<\/li>\n<li>Wydawca zastrzega sobie prawo do przerw lub zak\u0142\u00f3ce\u0144 w funkcjonowaniu serwisu wynikaj\u0105cych z konieczno\u015bci naprawy, rozbudowy, zmiany konfiguracji, wymiany lub konserwacji sprz\u0119tu albo oprogramowania.<\/li>\n<li>Wydawca zastrzega sobie prawo do ca\u0142kowitego zaprzestania udost\u0119pniania serwisu bez podania przyczyn, po uprzednim poinformowaniu u\u017cytkownik\u00f3w o podj\u0119ciu takiej decyzji.<\/li>\n<li>Regulamin obowi\u0105zuje od momentu jego opublikowania. Wydawca zastrzega sobie prawo do wprowadzania zmian w regulaminie w ka\u017cdym czasie. Zmiany staj\u0105 si\u0119 obowi\u0105zuj\u0105ce w momencie ich opublikowania.<\/li>\n<\/ol>\n\t<\/div>\r\n<\/div>\r\n\r\n\r\n\r\n\n\t\t\t<\/div> \n\t\t<\/div>\n\t<\/div> \n<\/div><\/div>","protected":false},"excerpt":{"rendered":"Regulamin serwisu internetowego www.diet4pet.com Niniejszy regulamin, zwany dalej \"regulaminem\", okre\u015bla warunki i zasady korzystania z serwisu internetowego www.diet4pet.com zwanego dalej \u201eserwisem\u201d. Regulamin opisany w zdaniu...","protected":false},"author":1,"featured_media":0,"parent":5857,"menu_order":5,"comment_status":"closed","ping_status":"closed","template":"","meta":{"footnotes":""},"class_list":["post-6123","page","type-page","status-publish"],"yoast_head":"<!-- This site is optimized with the Yoast SEO plugin v15.9.2 - https:\/\/yoast.com\/wordpress\/plugins\/seo\/ -->\n<title>Regulamin | Diet4Pet<\/title>\n<link rel=\"canonical\" href=\"https:\/\/diet4pet.com\/en_us\/pl-pl\/regulamin\/\" \/>\n<meta property=\"og:locale\" content=\"en_US\" \/>\n<meta property=\"og:type\" content=\"article\" \/>\n<meta property=\"og:title\" content=\"Regulamin | Diet4Pet\" \/>\n<meta property=\"og:url\" content=\"https:\/\/diet4pet.com\/en_us\/pl-pl\/regulamin\/\" \/>\n<meta property=\"og:site_name\" content=\"Diet4Pet\" \/>\n<meta property=\"article:publisher\" content=\"https:\/\/www.facebook.com\/Diet4Pet\/\" \/>\n<meta property=\"article:modified_time\" content=\"2019-05-02T17:46:51+00:00\" \/>\n<meta name=\"twitter:card\" content=\"summary_large_image\" \/>\n<meta name=\"twitter:label1\" content=\"Est. reading time\">\n\t<meta name=\"twitter:data1\" content=\"3 minutes\">\n<script type=\"application\/ld+json\" class=\"yoast-schema-graph\">{\"@context\":\"https:\/\/schema.org\",\"@graph\":[{\"@type\":\"Organization\",\"@id\":\"https:\/\/diet4pet.com\/#organization\",\"name\":\"Diet4Pet\",\"url\":\"https:\/\/diet4pet.com\/\",\"sameAs\":[\"https:\/\/www.facebook.com\/Diet4Pet\/\",\"https:\/\/www.linkedin.com\/company\/18707603\/\",\"https:\/\/www.youtube.com\/channel\/UC22sFHeyMNLwSI-ZDmuIouA\"],\"logo\":{\"@type\":\"ImageObject\",\"@id\":\"https:\/\/diet4pet.com\/#logo\",\"inLanguage\":\"en-US\",\"url\":\"https:\/\/diet4pet.com\/wp-content\/uploads\/2018\/12\/Zrzut-ekranu-2018-11-30-o-20.35.37.png\",\"width\":696,\"height\":526,\"caption\":\"Diet4Pet\"},\"image\":{\"@id\":\"https:\/\/diet4pet.com\/#logo\"}},{\"@type\":\"WebSite\",\"@id\":\"https:\/\/diet4pet.com\/#website\",\"url\":\"https:\/\/diet4pet.com\/\",\"name\":\"Diet4Pet\",\"description\":\"Najlepsza dieta Twojego ukochanego zwierzaka.\",\"publisher\":{\"@id\":\"https:\/\/diet4pet.com\/#organization\"},\"potentialAction\":[{\"@type\":\"SearchAction\",\"target\":\"https:\/\/diet4pet.com\/?s={search_term_string}\",\"query-input\":\"required name=search_term_string\"}],\"inLanguage\":\"en-US\"},{\"@type\":\"WebPage\",\"@id\":\"https:\/\/diet4pet.com\/pl-pl\/regulamin\/#webpage\",\"url\":\"https:\/\/diet4pet.com\/pl-pl\/regulamin\/\",\"name\":\"Regulamin | Diet4Pet\",\"isPartOf\":{\"@id\":\"https:\/\/diet4pet.com\/#website\"},\"datePublished\":\"2019-01-01T14:39:21+00:00\",\"dateModified\":\"2019-05-02T17:46:51+00:00\",\"breadcrumb\":{\"@id\":\"https:\/\/diet4pet.com\/pl-pl\/regulamin\/#breadcrumb\"},\"inLanguage\":\"en-US\",\"potentialAction\":[{\"@type\":\"ReadAction\",\"target\":[\"https:\/\/diet4pet.com\/pl-pl\/regulamin\/\"]}]},{\"@type\":\"BreadcrumbList\",\"@id\":\"https:\/\/diet4pet.com\/pl-pl\/regulamin\/#breadcrumb\",\"itemListElement\":[{\"@type\":\"ListItem\",\"position\":1,\"item\":{\"@type\":\"WebPage\",\"@id\":\"https:\/\/diet4pet.com\/\",\"url\":\"https:\/\/diet4pet.com\/\",\"name\":\"Strona g\\u0142\\u00f3wna\"}},{\"@type\":\"ListItem\",\"position\":2,\"item\":{\"@type\":\"WebPage\",\"@id\":\"https:\/\/diet4pet.com\/\",\"url\":\"https:\/\/diet4pet.com\/\",\"name\":\"Strona G\\u0142\\u00f3wna\"}},{\"@type\":\"ListItem\",\"position\":3,\"item\":{\"@type\":\"WebPage\",\"@id\":\"https:\/\/diet4pet.com\/pl-pl\/regulamin\/\",\"url\":\"https:\/\/diet4pet.com\/pl-pl\/regulamin\/\",\"name\":\"Regulamin\"}}]}]}<\/script>\n<!-- \/ Yoast SEO plugin. -->","_links":{"self":[{"href":"https:\/\/diet4pet.com\/en_us\/wp-json\/wp\/v2\/pages\/6123","targetHints":{"allow":["GET"]}}],"collection":[{"href":"https:\/\/diet4pet.com\/en_us\/wp-json\/wp\/v2\/pages"}],"about":[{"href":"https:\/\/diet4pet.com\/en_us\/wp-json\/wp\/v2\/types\/page"}],"author":[{"embeddable":true,"href":"https:\/\/diet4pet.com\/en_us\/wp-json\/wp\/v2\/users\/1"}],"replies":[{"embeddable":true,"href":"https:\/\/diet4pet.com\/en_us\/wp-json\/wp\/v2\/comments?post=6123"}],"version-history":[{"count":13,"href":"https:\/\/diet4pet.com\/en_us\/wp-json\/wp\/v2\/pages\/6123\/revisions"}],"predecessor-version":[{"id":6549,"href":"https:\/\/diet4pet.com\/en_us\/wp-json\/wp\/v2\/pages\/6123\/revisions\/6549"}],"up":[{"embeddable":true,"href":"https:\/\/diet4pet.com\/en_us\/wp-json\/wp\/v2\/pages\/5857"}],"wp:attachment":[{"href":"https:\/\/diet4pet.com\/en_us\/wp-json\/wp\/v2\/media?parent=6123"}],"curies":[{"name":"wp","href":"https:\/\/api.w.org\/{rel}","templated":true}]}}